{"id":315,"date":"2021-08-20T15:16:18","date_gmt":"2021-08-20T15:16:18","guid":{"rendered":"https:\/\/blog.creamostuapp.com\/?page_id=315"},"modified":"2021-08-20T15:16:19","modified_gmt":"2021-08-20T15:16:19","slug":"cookies","status":"publish","type":"page","link":"https:\/\/blog.creamostuapp.com\/?page_id=315","title":{"rendered":"Cookies"},"content":{"rendered":"\n<p>La presente Pol\u00edtica de Cookies pretende proporcionar la informaci\u00f3n necesaria para que cualquier usuario del sitio web pueda decidir si desea permitir la instalaci\u00f3n de las cookies utilizadas por CreamostuApp y c\u00f3mo gestionarlas. Por ello, proporcionamos una serie de nociones b\u00e1sicas cuyo conocimiento consideramos esencial (qu\u00e9 son las cookies y para qu\u00e9 pueden servir, o c\u00f3mo configurarlas o borrarlas) para cualquier usuario de internet, y facilitamos la identificaci\u00f3n de nuestras cookies.<br>La informaci\u00f3n sobre la Pol\u00edtica de cookies de CreamostuApp se proporciona a trav\u00e9s de dos capas: la primera, un \u201caviso\u201d en el pie de p\u00e1gina del sitio web, en el que se advierte de la instalaci\u00f3n de cookies no exentas -describiendo su finalidad- en caso de proseguir la navegaci\u00f3n sin modificar la configuraci\u00f3n del navegador y se proporciona un enlace a la presente Pol\u00edtica para que el usuario pueda conocer con m\u00e1s detalle su contenido y funcionamiento, siendo esta la segunda capa de informaci\u00f3n.<br>Nuestra Pol\u00edtica de cookies es p\u00fablica y permanentemente accesibles a trav\u00e9s del enlace habilitado en el sitio web, denominado \u201cCookies\u201d, al que pueden acceder los usuarios para mantenerse informados en todo momento.<br>Esta Pol\u00edtica de Cookies puede actualizarse en cualquier momento, como consecuencia de un cambio normativo o como consecuencia de cualquier cambio en la configuraci\u00f3n de las cookies utilizadas.<br>CreamostuApp puede utilizar cookies, y otras tecnolog\u00edas similares, para almacenar y recuperar informaci\u00f3n de los equipos terminales de los usuarios de sus sitios web (en adelante, denominadas conjuntamente \u201cCookies\u201d).<br>Las cookies son archivos o programas inform\u00e1ticos, enviados a un navegador por medio de un servidor web, que almacenan informaci\u00f3n en el equipo del usuario, al acceder o navegar por un sitio web, y permiten que se acceda a \u00e9sta tras su instalaci\u00f3n. En otras palabras, son elementos de informaci\u00f3n que un sitio web instala en su dispositivo cuando lo visita. Estos dispositivos pueden contener informaci\u00f3n sobre los h\u00e1bitos de navegaci\u00f3n de los usuarios o del equipo en que se instalan, o incluso pueden utilizarse para reconocer el usuario.<\/p>\n\n\n\n<p><strong>Tipos de Cookies<\/strong><\/p>\n\n\n\n<p>Existen diversos tipos de cookies en funci\u00f3n de la finalidad para la que se utilizan. CreamostuApp utiliza los siguientes tipos de cookies:<\/p>\n\n\n\n<ul><li><strong>T<\/strong><strong>\u00e9cnicas<\/strong>: Son aqu\u00e9llas que permiten al usuario la navegaci\u00f3n a trav\u00e9s de la p\u00e1gina web y la utilizaci\u00f3n de las diferentes opciones o servicios que existen en \u00e9sta como, por ejemplo, identificar la sesi\u00f3n, acceder a partes de acceso restringido, autenticaci\u00f3n de usuarios, chat online, realizar el proceso de compra de un pedido, registrar acciones relacionadas con el aviso de cookies o para identificar las visitas procedentes de enlaces de afiliado e identificar, en su caso, las comisiones y descuentos aplicables.<br>\u2022&nbsp;<strong>Sociales<\/strong>: Son aqu\u00e9llas que los proveedores de servicios de redes sociales pueden instalar cuando el usuario selecciona compartir un determinado contenido de nuestro sitio web en la red social que operan. Las condiciones de estos servicios pueden consultarse en las siguientes direcciones:&nbsp;<a href=\"https:\/\/www.facebook.com\/help\/cookies\/update\">Facebook<\/a>,&nbsp;<a href=\"https:\/\/support.twitter.com\/articles\/20170521\">Twitter<\/a>,&nbsp;<a href=\"http:\/\/www.google.es\/intl\/es\/policies\/technologies\/types\">Google Plus\/YouTube<\/a>,&nbsp;<a href=\"https:\/\/www.instagram.com\/legal\/cookies\/\">Instragram<\/a>y&nbsp;<a href=\"https:\/\/www.linkedin.com\/legal\/cookie-policy?trk=organization-guest_footer-cookie-policy\">Linkedin<\/a>.<\/li><\/ul>\n\n\n\n<p>Del mismo modo, seg\u00fan quien sea la entidad que gestione el equipo o dominio desde donde se env\u00edan las cookies y trate los datos que se obtengan, puede distinguirse entre cookies propias y cookies de Terceros. En atenci\u00f3n a esta clasificaci\u00f3n se utilizan las siguientes cookies:<br><br><strong>\u2022 Propias<\/strong>: Son aquellas que se instalan y gestionan directamente por CreamostuApp.<\/p>\n","protected":false},"excerpt":{"rendered":"<p>La presente Pol\u00edtica de Cookies pretende proporcionar la informaci\u00f3n necesaria para que cualquier usuario del sitio web pueda decidir si desea permitir la instalaci\u00f3n de las cookies utilizadas por CreamostuApp y c\u00f3mo gestionarlas. Por ello, proporcionamos una serie de nociones b\u00e1sicas cuyo conocimiento consideramos esencial (qu\u00e9 son las cookies y para qu\u00e9 pueden servir, o [&hellip;]<\/p>\n","protected":false},"author":1,"featured_media":0,"parent":0,"menu_order":0,"comment_status":"closed","ping_status":"closed","template":"","meta":{"content-type":""},"_links":{"self":[{"href":"https:\/\/blog.creamostuapp.com\/index.php?rest_route=\/wp\/v2\/pages\/315"}],"collection":[{"href":"https:\/\/blog.creamostuapp.com\/index.php?rest_route=\/wp\/v2\/pages"}],"about":[{"href":"https:\/\/blog.creamostuapp.com\/index.php?rest_route=\/wp\/v2\/types\/page"}],"author":[{"embeddable":true,"href":"https:\/\/blog.creamostuapp.com\/index.php?rest_route=\/wp\/v2\/users\/1"}],"replies":[{"embeddable":true,"href":"https:\/\/blog.creamostuapp.com\/index.php?rest_route=%2Fwp%2Fv2%2Fcomments&post=315"}],"version-history":[{"count":1,"href":"https:\/\/blog.creamostuapp.com\/index.php?rest_route=\/wp\/v2\/pages\/315\/revisions"}],"predecessor-version":[{"id":316,"href":"https:\/\/blog.creamostuapp.com\/index.php?rest_route=\/wp\/v2\/pages\/315\/revisions\/316"}],"wp:attachment":[{"href":"https:\/\/blog.creamostuapp.com\/index.php?rest_route=%2Fwp%2Fv2%2Fmedia&parent=315"}],"curies":[{"name":"wp","href":"https:\/\/api.w.org\/{rel}","templated":true}]}}